{"id":27,"date":"2012-09-05T13:06:12","date_gmt":"2012-09-05T11:06:12","guid":{"rendered":"http:\/\/www.bestattungen-panzer.de\/?page_id=27"},"modified":"2012-09-05T16:08:47","modified_gmt":"2012-09-05T14:08:47","slug":"willkommen","status":"publish","type":"page","link":"https:\/\/bestattungen-panzer.de\/","title":{"rendered":"Willkommen"},"content":{"rendered":"<h2 style=\"text-align: center;\"><strong>Wir sind f\u00fcr Sie da!<\/strong><\/h2>\n<h2 style=\"text-align: center;\"><strong>Tag und Nacht<\/strong><\/h2>\n<h2 style=\"text-align: center;\"><strong>(0 22 34) 5 24 77<\/strong><\/h2>\n<p>Unsere Leistungen f\u00fcr Sie:<\/p>\n<ul>\n<li>Beratung und Hilfe in Trauerf\u00e4llen<\/li>\n<li>Vorsorgeberatung zu Lebzeiten<\/li>\n<li>Beerdigungen auf allen Friedh\u00f6fen<\/li>\n<li>\u00dcberf\u00fchrungen im In- und Ausland<\/li>\n<li>Erledigung s\u00e4mtlicher Formalit\u00e4ten<\/li>\n<li>Hauseigener Verabschiedungsraum<\/li>\n<li>Erdbestattungen<\/li>\n<li>Feuerbestattungen<\/li>\n<li>Seebestattungen<\/li>\n<li>Naturwaldbestattungen<\/li>\n<li>Drucksachen<\/li>\n<li>Sterbekassen<\/li>\n<li>Versicherungen<\/li>\n<\/ul>\n","protected":false},"excerpt":{"rendered":"<p>Wir sind f\u00fcr Sie da! Tag und Nacht (0 22 34) 5 24 77 <\/p>\n<p>Unsere Leistungen f\u00fcr Sie:<\/p>\n<p> Beratung und Hilfe in Trauerf\u00e4llen Vorsorgeberatung zu Lebzeiten Beerdigungen auf allen Friedh\u00f6fen \u00dcberf\u00fchrungen im In- und Ausland Erledigung s\u00e4mtlicher Formalit\u00e4ten Hauseigener Verabschiedungsraum Erdbestattungen Feuerbestattungen Seebestattungen Naturwaldbestattungen Drucksachen Sterbekassen Versicherungen <\/p>\n","protected":false},"author":2,"featured_media":0,"parent":0,"menu_order":0,"comment_status":"closed","ping_status":"closed","template":"","meta":{"footnotes":""},"class_list":["post-27","page","type-page","status-publish","hentry","odd"],"jetpack_sharing_enabled":true,"jetpack_shortlink":"https:\/\/wp.me\/P2IfA2-r","_links":{"self":[{"href":"https:\/\/bestattungen-panzer.de\/index.php?rest_route=\/wp\/v2\/pages\/27","targetHints":{"allow":["GET"]}}],"collection":[{"href":"https:\/\/bestattungen-panzer.de\/index.php?rest_route=\/wp\/v2\/pages"}],"about":[{"href":"https:\/\/bestattungen-panzer.de\/index.php?rest_route=\/wp\/v2\/types\/page"}],"author":[{"embeddable":true,"href":"https:\/\/bestattungen-panzer.de\/index.php?rest_route=\/wp\/v2\/users\/2"}],"replies":[{"embeddable":true,"href":"https:\/\/bestattungen-panzer.de\/index.php?rest_route=%2Fwp%2Fv2%2Fcomments&post=27"}],"version-history":[{"count":0,"href":"https:\/\/bestattungen-panzer.de\/index.php?rest_route=\/wp\/v2\/pages\/27\/revisions"}],"wp:attachment":[{"href":"https:\/\/bestattungen-panzer.de\/index.php?rest_route=%2Fwp%2Fv2%2Fmedia&parent=27"}],"curies":[{"name":"wp","href":"https:\/\/api.w.org\/{rel}","templated":true}]}}